{"id":46818,"date":"2016-04-03T17:53:56","date_gmt":"2016-04-03T17:53:56","guid":{"rendered":"http:\/\/chapelcharm.com\/contact\/"},"modified":"2020-05-26T18:41:55","modified_gmt":"2020-05-26T18:41:55","slug":"contact","status":"publish","type":"page","link":"https:\/\/chapelcharm.com\/fr\/contact\/","title":{"rendered":"Contact"},"content":{"rendered":"<div class=\"wpb-content-wrapper\"><p>[vc_row][vc_column][vc_column_text]<\/p>\n<h2><span style=\"color: #993366;\"><img loading=\"lazy\" decoding=\"async\" class=\"size-thumbnail wp-image-35806 alignleft\" src=\"http:\/\/chapelcharm.com\/wp-content\/uploads\/2016\/04\/Depositphotos_74806889_original-150x150.jpg\" alt=\"\" width=\"150\" height=\"150\" srcset=\"https:\/\/chapelcharm.com\/wp-content\/uploads\/2016\/04\/Depositphotos_74806889_original-150x150.jpg 150w, https:\/\/chapelcharm.com\/wp-content\/uploads\/2016\/04\/Depositphotos_74806889_original-90x90.jpg 90w, https:\/\/chapelcharm.com\/wp-content\/uploads\/2016\/04\/Depositphotos_74806889_original-300x300.jpg 300w\" sizes=\"auto, (max-width: 150px) 100vw, 150px\" \/>\u00a0Parlez-nous de vos r\u00eaves \u00a0 \u00a0 \u00a0 \u00a0 \u00a0 \u00a0 \u00a0 \u00a0 \u00a0 \u00a0 \u00a0<\/span><span style=\"color: #993366;\">450 628 6200<\/span><\/h2>\n<p>[\/vc_column_text][\/vc_column][\/vc_row][vc_row][vc_column width=\u00a0\u00bb2\/3&Prime;]\n<div class=\"wpcf7 no-js\" id=\"wpcf7-f47833-o1\" lang=\"fr-FR\" dir=\"ltr\" data-wpcf7-id=\"47833\">\n<div class=\"screen-reader-response\"><p role=\"status\" aria-live=\"polite\" aria-atomic=\"true\"><\/p> <ul><\/ul><\/div>\n<form action=\"\/fr\/wp-json\/wp\/v2\/pages\/46818#wpcf7-f47833-o1\" method=\"post\" class=\"wpcf7-form init\" aria-label=\"Formulaire de contact\" novalidate=\"novalidate\" data-status=\"init\">\n<fieldset class=\"hidden-fields-container\"><input type=\"hidden\" name=\"_wpcf7\" value=\"47833\" \/><input type=\"hidden\" name=\"_wpcf7_version\" value=\"6.1.5\" \/><input type=\"hidden\" name=\"_wpcf7_locale\" value=\"fr_FR\" \/><input type=\"hidden\" name=\"_wpcf7_unit_tag\" value=\"wpcf7-f47833-o1\" \/><input type=\"hidden\" name=\"_wpcf7_container_post\" value=\"0\" \/><input type=\"hidden\" name=\"_wpcf7_posted_data_hash\" value=\"\" \/><input type=\"hidden\" name=\"_wpcf7_recaptcha_response\" value=\"\" \/>\n<\/fieldset>\n<p>Votre nom (obligatoire)\n<\/p>\n<p><span class=\"wpcf7-form-control-wrap\" data-name=\"your-name\"><input size=\"40\" maxlength=\"400\" class=\"wpcf7-form-control wpcf7-text wpcf7-validates-as-required\" aria-required=\"true\" aria-invalid=\"false\" value=\"\" type=\"text\" name=\"your-name\" \/><\/span>\n<\/p>\n<p>Votre courriel (obligatoire)\n<\/p>\n<p><span class=\"wpcf7-form-control-wrap\" data-name=\"your-email\"><input size=\"40\" maxlength=\"400\" class=\"wpcf7-form-control wpcf7-email wpcf7-validates-as-required wpcf7-text wpcf7-validates-as-email\" aria-required=\"true\" aria-invalid=\"false\" value=\"\" type=\"email\" name=\"your-email\" \/><\/span>\n<\/p>\n<p>Sujet\n<\/p>\n<p><span class=\"wpcf7-form-control-wrap\" data-name=\"your-subject\"><input size=\"40\" maxlength=\"400\" class=\"wpcf7-form-control wpcf7-text\" aria-invalid=\"false\" value=\"\" type=\"text\" name=\"your-subject\" \/><\/span>\n<\/p>\n<p>Votre message\n<\/p>\n<p><span class=\"wpcf7-form-control-wrap\" data-name=\"your-message\"><textarea cols=\"40\" rows=\"10\" maxlength=\"2000\" class=\"wpcf7-form-control wpcf7-textarea\" aria-invalid=\"false\" name=\"your-message\"><\/textarea><\/span>\n<\/p>\n<p><small>Ce site est prot\u00e9g\u00e9 par reCAPTCHA et Google <a href=\"https:\/\/policies.google.com\/privacy\" target=\"_blank\" rel=\"noopener\">Politique de confidentialit\u00e9<\/a> et <a href=\"https:\/\/policies.google.com\/terms\" target=\"_blank\" rel=\"noopener\">Conditions d'utilisation<\/a> appliquer.<\/small>\n<\/p>\n<p><input class=\"wpcf7-form-control wpcf7-submit has-spinner\" type=\"submit\" value=\"Envoyer\" \/>\n<\/p><div class=\"wpcf7-response-output\" aria-hidden=\"true\"><\/div>\n<\/form>\n<\/div>\n[\/vc_column][vc_column width=\u00a0\u00bb1\/3&Prime;][vc_column_text]<\/p>\n<h2><a class=\"dt-single-image\" href=\"http:\/\/chapelcharm.com\/wp-content\/uploads\/2016\/07\/9.jpg\" data-dt-img-description=\"\"><img loading=\"lazy\" decoding=\"async\" class=\"aligncenter wp-image-35943 size-medium\" src=\"http:\/\/chapelcharm.com\/wp-content\/uploads\/2016\/07\/9-300x201.jpg\" width=\"300\" height=\"201\" srcset=\"https:\/\/chapelcharm.com\/wp-content\/uploads\/2016\/07\/9-300x201.jpg 300w, https:\/\/chapelcharm.com\/wp-content\/uploads\/2016\/07\/9-768x515.jpg 768w, https:\/\/chapelcharm.com\/wp-content\/uploads\/2016\/07\/9.jpg 900w\" sizes=\"auto, (max-width: 300px) 100vw, 300px\" \/><\/a><\/h2>\n<h2><\/h2>\n<h2>Chapel Charm<\/h2>\n<h2><\/h2>\n<p>Un superbe \u00e9crin qui magnifiera tous vos \u00e9v\u00e9nements, du mariage au s\u00e9minaire d&rsquo;entreprise.<\/p>\n<p>Un lieu polyvalent capable d&rsquo;accueillir une grande vari\u00e9t\u00e9 d&rsquo;\u00e9v\u00e9nements.<\/p>\n<p>La chapelle, restaur\u00e9e avec beaucoup de soin et dot\u00e9e d&rsquo;une forte personnalit\u00e9, Transmettre ses bonnes vibrations \u00e0 vos \u00e9v\u00e9nements et c\u00e9l\u00e9brations.<\/p>\n<p>[\/vc_column_text][vc_gmaps link=\u00a0\u00bb#E-8_JTNDaWZyYW1lJTIwc3JjJTNEJTIyaHR0cHMlM0ElMkYlMkZ3d3cuZ29vZ2xlLmNvbSUyRm1hcHMlMkZlbWJlZCUzRnBiJTNEJTIxMW0xOCUyMTFtMTIlMjExbTMlMjExZDI3ODkuNTI2NzgxMDU3NTE2JTIxMmQtNzMuNzcyODMxNjg0NDM2NjIlMjEzZDQ1LjY0MDI0MTk3OTEwMzQyJTIxMm0zJTIxMWYwJTIxMmYwJTIxM2YwJTIxM20yJTIxMWkxMDI0JTIxMmk3NjglMjE0ZjEzLjElMjEzbTMlMjExbTIlMjExczB4NGNjOTI3MTRmMDE5MDI0MSUyNTNBMHg4NWEwYTZlYThhYTMxMDc0JTIxMnMyMCUyQjEyZSUyQkF2JTI1MkMlMkJMYXZhbCUyNTJDJTJCUUMlMkJIN0glMkIyUjclMjE1ZTAlMjEzbTIlMjExc3J1JTIxMnNjYSUyMTR2MTQ5MTg0MjQ5MTU2MiUyMiUyMHdpZHRoJTNEJTIyNjAwJTIyJTIwaGVpZ2h0JTNEJTIyNDUwJTIyJTIwZnJhbWVib3JkZXIlM0QlMjIwJTIyJTIwc3R5bGUlM0QlMjJib3JkZXIlM0EwJTIyJTIwYWxsb3dmdWxsc2NyZWVuJTNFJTNDJTJGaWZyYW1lJTNF\u00a0\u00bb][\/vc_column][\/vc_row]<\/p>\n<\/div>","protected":false},"excerpt":{"rendered":"<p>[vc_row][vc_column][vc_column_text] \u00a0Parlez-nous de vos r\u00eaves \u00a0 \u00a0 \u00a0 \u00a0 \u00a0 \u00a0 \u00a0 \u00a0 \u00a0 \u00a0 \u00a0450 628 6200 [\/vc_column_text][\/vc_column][\/vc_row][vc_row][vc_column width=\u00a0\u00bb2\/3&Prime;][\/vc_column][vc_column width=\u00a0\u00bb1\/3&Prime;][vc_column_text] Chapel Charm Un superbe \u00e9crin qui magnifiera tous vos \u00e9v\u00e9nements, du mariage au s\u00e9minaire d&rsquo;entreprise. Un lieu polyvalent capable d&rsquo;accueillir une grande vari\u00e9t\u00e9 d&rsquo;\u00e9v\u00e9nements. La chapelle, restaur\u00e9e avec beaucoup de soin et dot\u00e9e d&rsquo;une&hellip;<\/p>\n","protected":false},"author":5,"featured_media":0,"parent":0,"menu_order":0,"comment_status":"closed","ping_status":"closed","template":"","meta":{"footnotes":""},"class_list":["post-46818","page","type-page","status-publish","hentry","description-off"],"yoast_head":"<!-- This site is optimized with the Yoast SEO plugin v27.5 - https:\/\/yoast.com\/product\/yoast-seo-wordpress\/ -->\n<title>Contact - Chapel Charm<\/title>\n<meta name=\"robots\" content=\"index, follow, max-snippet:-1, max-image-preview:large, max-video-preview:-1\" \/>\n<link rel=\"canonical\" href=\"https:\/\/chapelcharm.com\/fr\/contact\/\" \/>\n<meta property=\"og:locale\" content=\"fr_FR\" \/>\n<meta property=\"og:type\" content=\"article\" \/>\n<meta property=\"og:title\" content=\"Contact - Chapel Charm\" \/>\n<meta property=\"og:description\" content=\"[vc_row][vc_column][vc_column_text] \u00a0Parlez-nous de vos r\u00eaves \u00a0 \u00a0 \u00a0 \u00a0 \u00a0 \u00a0 \u00a0 \u00a0 \u00a0 \u00a0 \u00a0450 628 6200 [\/vc_column_text][\/vc_column][\/vc_row][vc_row][vc_column width=\u00a0\u00bb2\/3&Prime;][\/vc_column][vc_column width=\u00a0\u00bb1\/3&Prime;][vc_column_text] Chapel Charm Un superbe \u00e9crin qui magnifiera tous vos \u00e9v\u00e9nements, du mariage au s\u00e9minaire d&rsquo;entreprise. Un lieu polyvalent capable d&rsquo;accueillir une grande vari\u00e9t\u00e9 d&rsquo;\u00e9v\u00e9nements. La chapelle, restaur\u00e9e avec beaucoup de soin et dot\u00e9e d&rsquo;une&hellip;\" \/>\n<meta property=\"og:url\" content=\"https:\/\/chapelcharm.com\/fr\/contact\/\" \/>\n<meta property=\"og:site_name\" content=\"Chapel Charm\" \/>\n<meta property=\"article:publisher\" content=\"https:\/\/www.facebook.com\/Chapel-Charm-1905785789667278\/\" \/>\n<meta property=\"article:modified_time\" content=\"2020-05-26T18:41:55+00:00\" \/>\n<meta property=\"og:image\" content=\"http:\/\/chapelcharm.com\/wp-content\/uploads\/2016\/04\/Depositphotos_74806889_original-150x150.jpg\" \/>\n<meta name=\"twitter:card\" content=\"summary_large_image\" \/>\n<meta name=\"twitter:label1\" content=\"Dur\u00e9e de lecture estim\u00e9e\" \/>\n\t<meta name=\"twitter:data1\" content=\"1 minute\" \/>\n<script type=\"application\/ld+json\" class=\"yoast-schema-graph\">{\"@context\":\"https:\\\/\\\/schema.org\",\"@graph\":[{\"@type\":\"WebPage\",\"@id\":\"https:\\\/\\\/chapelcharm.com\\\/fr\\\/contact\\\/\",\"url\":\"https:\\\/\\\/chapelcharm.com\\\/fr\\\/contact\\\/\",\"name\":\"Contact - Chapel Charm\",\"isPartOf\":{\"@id\":\"https:\\\/\\\/chapelcharm.com\\\/fr\\\/#website\"},\"primaryImageOfPage\":{\"@id\":\"https:\\\/\\\/chapelcharm.com\\\/fr\\\/contact\\\/#primaryimage\"},\"image\":{\"@id\":\"https:\\\/\\\/chapelcharm.com\\\/fr\\\/contact\\\/#primaryimage\"},\"thumbnailUrl\":\"http:\\\/\\\/chapelcharm.com\\\/wp-content\\\/uploads\\\/2016\\\/04\\\/Depositphotos_74806889_original-150x150.jpg\",\"datePublished\":\"2016-04-03T17:53:56+00:00\",\"dateModified\":\"2020-05-26T18:41:55+00:00\",\"breadcrumb\":{\"@id\":\"https:\\\/\\\/chapelcharm.com\\\/fr\\\/contact\\\/#breadcrumb\"},\"inLanguage\":\"fr-FR\",\"potentialAction\":[{\"@type\":\"ReadAction\",\"target\":[\"https:\\\/\\\/chapelcharm.com\\\/fr\\\/contact\\\/\"]}]},{\"@type\":\"ImageObject\",\"inLanguage\":\"fr-FR\",\"@id\":\"https:\\\/\\\/chapelcharm.com\\\/fr\\\/contact\\\/#primaryimage\",\"url\":\"http:\\\/\\\/chapelcharm.com\\\/wp-content\\\/uploads\\\/2016\\\/04\\\/Depositphotos_74806889_original-150x150.jpg\",\"contentUrl\":\"http:\\\/\\\/chapelcharm.com\\\/wp-content\\\/uploads\\\/2016\\\/04\\\/Depositphotos_74806889_original-150x150.jpg\"},{\"@type\":\"BreadcrumbList\",\"@id\":\"https:\\\/\\\/chapelcharm.com\\\/fr\\\/contact\\\/#breadcrumb\",\"itemListElement\":[{\"@type\":\"ListItem\",\"position\":1,\"name\":\"Home\",\"item\":\"https:\\\/\\\/chapelcharm.com\\\/fr\\\/\"},{\"@type\":\"ListItem\",\"position\":2,\"name\":\"Contact\"}]},{\"@type\":\"WebSite\",\"@id\":\"https:\\\/\\\/chapelcharm.com\\\/fr\\\/#website\",\"url\":\"https:\\\/\\\/chapelcharm.com\\\/fr\\\/\",\"name\":\"www.chapelcharm.com\",\"description\":\"[:en]Chapel Charm loft Wedding Venue ![:fr]Chapel Charm Loft  Parfait pour les mariage ! [:]\",\"potentialAction\":[{\"@type\":\"SearchAction\",\"target\":{\"@type\":\"EntryPoint\",\"urlTemplate\":\"https:\\\/\\\/chapelcharm.com\\\/fr\\\/?s={search_term_string}\"},\"query-input\":{\"@type\":\"PropertyValueSpecification\",\"valueRequired\":true,\"valueName\":\"search_term_string\"}}],\"inLanguage\":\"fr-FR\"}]}<\/script>\n<!-- \/ Yoast SEO plugin. -->","yoast_head_json":{"title":"Contact - Chapel Charm","robots":{"index":"index","follow":"follow","max-snippet":"max-snippet:-1","max-image-preview":"max-image-preview:large","max-video-preview":"max-video-preview:-1"},"canonical":"https:\/\/chapelcharm.com\/fr\/contact\/","og_locale":"fr_FR","og_type":"article","og_title":"Contact - Chapel Charm","og_description":"[vc_row][vc_column][vc_column_text] \u00a0Parlez-nous de vos r\u00eaves \u00a0 \u00a0 \u00a0 \u00a0 \u00a0 \u00a0 \u00a0 \u00a0 \u00a0 \u00a0 \u00a0450 628 6200 [\/vc_column_text][\/vc_column][\/vc_row][vc_row][vc_column width=\u00a0\u00bb2\/3&Prime;][\/vc_column][vc_column width=\u00a0\u00bb1\/3&Prime;][vc_column_text] Chapel Charm Un superbe \u00e9crin qui magnifiera tous vos \u00e9v\u00e9nements, du mariage au s\u00e9minaire d&rsquo;entreprise. Un lieu polyvalent capable d&rsquo;accueillir une grande vari\u00e9t\u00e9 d&rsquo;\u00e9v\u00e9nements. La chapelle, restaur\u00e9e avec beaucoup de soin et dot\u00e9e d&rsquo;une&hellip;","og_url":"https:\/\/chapelcharm.com\/fr\/contact\/","og_site_name":"Chapel Charm","article_publisher":"https:\/\/www.facebook.com\/Chapel-Charm-1905785789667278\/","article_modified_time":"2020-05-26T18:41:55+00:00","og_image":[{"url":"http:\/\/chapelcharm.com\/wp-content\/uploads\/2016\/04\/Depositphotos_74806889_original-150x150.jpg","type":"","width":"","height":""}],"twitter_card":"summary_large_image","twitter_misc":{"Dur\u00e9e de lecture estim\u00e9e":"1 minute"},"schema":{"@context":"https:\/\/schema.org","@graph":[{"@type":"WebPage","@id":"https:\/\/chapelcharm.com\/fr\/contact\/","url":"https:\/\/chapelcharm.com\/fr\/contact\/","name":"Contact - Chapel Charm","isPartOf":{"@id":"https:\/\/chapelcharm.com\/fr\/#website"},"primaryImageOfPage":{"@id":"https:\/\/chapelcharm.com\/fr\/contact\/#primaryimage"},"image":{"@id":"https:\/\/chapelcharm.com\/fr\/contact\/#primaryimage"},"thumbnailUrl":"http:\/\/chapelcharm.com\/wp-content\/uploads\/2016\/04\/Depositphotos_74806889_original-150x150.jpg","datePublished":"2016-04-03T17:53:56+00:00","dateModified":"2020-05-26T18:41:55+00:00","breadcrumb":{"@id":"https:\/\/chapelcharm.com\/fr\/contact\/#breadcrumb"},"inLanguage":"fr-FR","potentialAction":[{"@type":"ReadAction","target":["https:\/\/chapelcharm.com\/fr\/contact\/"]}]},{"@type":"ImageObject","inLanguage":"fr-FR","@id":"https:\/\/chapelcharm.com\/fr\/contact\/#primaryimage","url":"http:\/\/chapelcharm.com\/wp-content\/uploads\/2016\/04\/Depositphotos_74806889_original-150x150.jpg","contentUrl":"http:\/\/chapelcharm.com\/wp-content\/uploads\/2016\/04\/Depositphotos_74806889_original-150x150.jpg"},{"@type":"BreadcrumbList","@id":"https:\/\/chapelcharm.com\/fr\/contact\/#breadcrumb","itemListElement":[{"@type":"ListItem","position":1,"name":"Home","item":"https:\/\/chapelcharm.com\/fr\/"},{"@type":"ListItem","position":2,"name":"Contact"}]},{"@type":"WebSite","@id":"https:\/\/chapelcharm.com\/fr\/#website","url":"https:\/\/chapelcharm.com\/fr\/","name":"www.chapelcharm.com","description":"[:en]Chapel Charm loft Wedding Venue ![:fr]Chapel Charm Loft  Parfait pour les mariage ! [:]","potentialAction":[{"@type":"SearchAction","target":{"@type":"EntryPoint","urlTemplate":"https:\/\/chapelcharm.com\/fr\/?s={search_term_string}"},"query-input":{"@type":"PropertyValueSpecification","valueRequired":true,"valueName":"search_term_string"}}],"inLanguage":"fr-FR"}]}},"_links":{"self":[{"href":"https:\/\/chapelcharm.com\/fr\/wp-json\/wp\/v2\/pages\/46818","targetHints":{"allow":["GET"]}}],"collection":[{"href":"https:\/\/chapelcharm.com\/fr\/wp-json\/wp\/v2\/pages"}],"about":[{"href":"https:\/\/chapelcharm.com\/fr\/wp-json\/wp\/v2\/types\/page"}],"author":[{"embeddable":true,"href":"https:\/\/chapelcharm.com\/fr\/wp-json\/wp\/v2\/users\/5"}],"replies":[{"embeddable":true,"href":"https:\/\/chapelcharm.com\/fr\/wp-json\/wp\/v2\/comments?post=46818"}],"version-history":[{"count":2,"href":"https:\/\/chapelcharm.com\/fr\/wp-json\/wp\/v2\/pages\/46818\/revisions"}],"predecessor-version":[{"id":47886,"href":"https:\/\/chapelcharm.com\/fr\/wp-json\/wp\/v2\/pages\/46818\/revisions\/47886"}],"wp:attachment":[{"href":"https:\/\/chapelcharm.com\/fr\/wp-json\/wp\/v2\/media?parent=46818"}],"curies":[{"name":"wp","href":"https:\/\/api.w.org\/{rel}","templated":true}]}}